{"id":814,"date":"2014-10-13T11:16:34","date_gmt":"2014-10-13T09:16:34","guid":{"rendered":"http:\/\/movieartwork.org\/?page_id=814"},"modified":"2018-12-30T14:13:49","modified_gmt":"2018-12-30T12:13:49","slug":"impressum","status":"publish","type":"page","link":"https:\/\/www.movieartwork.org\/?page_id=814","title":{"rendered":"Impressum"},"content":{"rendered":"<h1>Impressum<\/h1>\n<h2>Angaben gem\u00e4\u00df \u00a7 5 TMG:<\/h2>\n<p>Sascha Rust<br \/>\nElisabethstr.2<br \/>\n31582 Nienburg<\/p>\n<h2>Kontakt:<\/h2>\n<p>Telefon: +49 (0) 5021 910433<br \/>\nEMail: <a href=\"javascript:secureDecryptAndNavigate('L2ixdUTjGWGvzwiHbAMWxcN+HXrDCXkL\/wGIFC6PwgCoSMci5k9B+xHOZnxOIvoGuedlNWC7CJ0HK8DyAOrp2m7XVIqhd+vCvqS3Z0M11ENA', '5d8beae13d2cecd88af66ab84084e80ed0d180ef80317e512d4d9e040bbf0d0a')\">networker-service [at] arcor [dot] de<\/a><\/p>\n<h2>Haftung f\u00fcr Inhalte<\/h2>\n<p>Als Diensteanbieter sind wir gem\u00e4\u00df \u00a7 7 Abs.1 TMG f\u00fcr eigene Inhalte auf diesen Seiten nach den allgemeinen Gesetzen verantwortlich. Nach \u00a7\u00a7 8 bis 10 TMG sind wir als Diensteanbieter jedoch nicht verpflichtet, \u00fcbermittelte oder gespeicherte fremde Informationen zu \u00fcberwachen oder nach Umst\u00e4nden zu forschen, die auf eine rechtswidrige T\u00e4tigkeit hinweisen.<\/p>\n<p>Verpflichtungen zur Entfernung oder Sperrung der Nutzung von Informationen nach den allgemeinen Gesetzen bleiben hiervon unber\u00fchrt. Eine diesbez\u00fcgliche Haftung ist jedoch erst ab dem Zeitpunkt der Kenntnis einer konkreten Rechtsverletzung m\u00f6glich. Bei Bekanntwerden von entsprechenden Rechtsverletzungen werden wir diese Inhalte umgehend entfernen.<\/p>\n<h2>Haftung f\u00fcr Links<\/h2>\n<p>Unser Angebot enth\u00e4lt Links zu externen Websites Dritter, auf deren Inhalte wir keinen Einfluss haben. Deshalb k\u00f6nnen wir f\u00fcr diese fremden Inhalte auch keine Gew\u00e4hr \u00fcbernehmen. F\u00fcr die Inhalte der verlinkten Seiten ist stets der jeweilige Anbieter oder Betreiber der Seiten verantwortlich. Die verlinkten Seiten wurden zum Zeitpunkt der Verlinkung auf m\u00f6gliche Rechtsverst\u00f6\u00dfe \u00fcberpr\u00fcft. Rechtswidrige Inhalte waren zum Zeitpunkt der Verlinkung nicht erkennbar.<\/p>\n<p>Eine permanente inhaltliche Kontrolle der verlinkten Seiten ist jedoch ohne konkrete Anhaltspunkte einer Rechtsverletzung nicht zumutbar. Bei Bekanntwerden von Rechtsverletzungen werden wir derartige Links umgehend entfernen.<\/p>\n<h2>Urheberrecht<\/h2>\n<p>Die durch die Seitenbetreiber erstellten Inhalte und Werke auf diesen Seiten unterliegen dem deutschen Urheberrecht. Die Vervielf\u00e4ltigung, Bearbeitung, Verbreitung und jede Art der Verwertung au\u00dferhalb der Grenzen des Urheberrechtes bed\u00fcrfen der schriftlichen Zustimmung des jeweiligen Autors bzw. Erstellers. Downloads und Kopien dieser Seite sind nur f\u00fcr den privaten, nicht kommerziellen Gebrauch gestattet.<\/p>\n<p>Soweit die Inhalte auf dieser Seite nicht vom Betreiber erstellt wurden, werden die Urheberrechte Dritter beachtet. Insbesondere werden Inhalte Dritter als solche gekennzeichnet. Sollten Sie trotzdem auf eine Urheberrechtsverletzung aufmerksam<br \/>\nwerden, bitten wir um einen entsprechenden Hinweis. Bei Bekanntwerden von Rechtsverletzungen werden wir derartige Inhalte umgehend entfernen.<\/p>\n<p>Quelle: <a href=\"https:\/\/www.erecht24.de\/impressum-generator.html\">https:\/\/www.e-recht24.de\/impressum-generator.html<\/a><\/p>\n<div class=\"remoji_bar\"><div class=\"remoji_add_container\" data-remoji-id=\"814\" data-remoji-type=\"post\"><div class=\"remoji_add_icon\"><\/div><\/div><div class=\"remoji_error_bar\" data-remoji-id=\"814\" data-remoji-type=\"post\" style=\"display: none;\">Error happened.<\/div><\/div>","protected":false},"excerpt":{"rendered":"<p>Impressum Angaben gem\u00e4\u00df \u00a7 5 TMG: Sascha Rust Elisabethstr.2 31582 Nienburg Kontakt: Telefon: +49 (0) 5021 910433 EMail: networker-service [at] arcor [dot] de Haftung f\u00fcr Inhalte Als Diensteanbieter sind wir gem\u00e4\u00df \u00a7 7 Abs.1 TMG f\u00fcr eigene Inhalte auf diesen Seiten nach den allgemeinen Gesetzen verantwortlich. Nach \u00a7\u00a7 8 bis 10 TMG sind wir als [&hellip;]<\/p>\n","protected":false},"author":1,"featured_media":0,"parent":0,"menu_order":10,"comment_status":"closed","ping_status":"closed","template":"","meta":{"episode_type":"","audio_file":"","podmotor_file_id":"","podmotor_episode_id":"","cover_image":"","cover_image_id":"","duration":"","filesize":"","filesize_raw":"","date_recorded":"","explicit":"","block":"","ngg_post_thumbnail":0,"jetpack_post_was_ever_published":false,"footnotes":""},"class_list":["post-814","page","type-page","status-publish","hentry"],"jetpack_sharing_enabled":true,"jetpack_shortlink":"https:\/\/wp.me\/P9zb6w-d8","jetpack-related-posts":[{"id":3677,"url":"https:\/\/www.movieartwork.org\/?page_id=3677","url_meta":{"origin":814,"position":0},"title":"Datenschutzerkl\u00e4rung","author":"BlogAdmin","date":"Mai 15, 2018","format":false,"excerpt":"Datenschutzerkl\u00e4rung \u00a0 Diese Datenschutzerkl\u00e4rung kl\u00e4rt Sie \u00fcber die Art, den Umfang und Zweck der Verarbeitung von personenbezogenen Daten (nachfolgend kurz \u201eDaten\u201c) innerhalb unseres Onlineangebotes und der mit ihm verbundenen Webseiten, Funktionen und Inhalte sowie externen Onlinepr\u00e4senzen, wie z.B. unser Social Media Profile auf. (nachfolgend gemeinsam bezeichnet als \u201eOnlineangebot\u201c). Im Hinblick\u2026","rel":"","context":"\u00c4hnlicher Beitrag","block_context":{"text":"\u00c4hnlicher Beitrag","link":""},"img":{"alt_text":"","src":"","width":0,"height":0},"classes":[]},{"id":10603,"url":"https:\/\/www.movieartwork.org\/?page_id=10603","url_meta":{"origin":814,"position":1},"title":"Star Wars Keynotes","author":"BlogAdmin","date":"September 5, 2024","format":false,"excerpt":"Star Wars und die Mythologie: Ein moderner Mythos und seine Weisheiten Stell dir vor, du befindest dich in einer weit, weit entfernten Galaxis, wo mystische Kr\u00e4fte und epische Schlachten das Schicksal bestimmen. George Lucas hat mit Star Wars nicht nur ein filmisches Meisterwerk geschaffen, sondern auch eine moderne Mythologie, die\u2026","rel":"","context":"\u00c4hnlicher Beitrag","block_context":{"text":"\u00c4hnlicher Beitrag","link":""},"img":{"alt_text":"","src":"https:\/\/i0.wp.com\/www.movieartwork.org\/wp-content\/uploads\/2024\/09\/Star-Wars.jpg?resize=350%2C200&ssl=1","width":350,"height":200,"srcset":"https:\/\/i0.wp.com\/www.movieartwork.org\/wp-content\/uploads\/2024\/09\/Star-Wars.jpg?resize=350%2C200&ssl=1 1x, https:\/\/i0.wp.com\/www.movieartwork.org\/wp-content\/uploads\/2024\/09\/Star-Wars.jpg?resize=525%2C300&ssl=1 1.5x, https:\/\/i0.wp.com\/www.movieartwork.org\/wp-content\/uploads\/2024\/09\/Star-Wars.jpg?resize=700%2C400&ssl=1 2x, https:\/\/i0.wp.com\/www.movieartwork.org\/wp-content\/uploads\/2024\/09\/Star-Wars.jpg?resize=1050%2C600&ssl=1 3x, https:\/\/i0.wp.com\/www.movieartwork.org\/wp-content\/uploads\/2024\/09\/Star-Wars.jpg?resize=1400%2C800&ssl=1 4x"},"classes":[]},{"id":10592,"url":"https:\/\/www.movieartwork.org\/?page_id=10592","url_meta":{"origin":814,"position":2},"title":"Vortr\u00e4ge &#8211; Keynotes &#8211; Keynotespeaker","author":"BlogAdmin","date":"September 3, 2024","format":false,"excerpt":"Wir freuen uns, Ihnen unseren Keynote Speaker f\u00fcr die hier unten stehenden Veranstaltung vorzustellen! Unser Redner ist ein wahrer Enthusiast f\u00fcr spannende und faszinierende Themen. Mit einem besonderen Schwerpunkt auf die Bahn, Star Trek und Star Wars, wird er Sie auf eine Reise durch die Welten der Wissenschaft, Technologie und\u2026","rel":"","context":"\u00c4hnlicher Beitrag","block_context":{"text":"\u00c4hnlicher Beitrag","link":""},"img":{"alt_text":"","src":"https:\/\/i0.wp.com\/www.movieartwork.org\/wp-content\/uploads\/2024\/09\/Star-Wars.jpg?resize=350%2C200&ssl=1","width":350,"height":200,"srcset":"https:\/\/i0.wp.com\/www.movieartwork.org\/wp-content\/uploads\/2024\/09\/Star-Wars.jpg?resize=350%2C200&ssl=1 1x, https:\/\/i0.wp.com\/www.movieartwork.org\/wp-content\/uploads\/2024\/09\/Star-Wars.jpg?resize=525%2C300&ssl=1 1.5x, https:\/\/i0.wp.com\/www.movieartwork.org\/wp-content\/uploads\/2024\/09\/Star-Wars.jpg?resize=700%2C400&ssl=1 2x, https:\/\/i0.wp.com\/www.movieartwork.org\/wp-content\/uploads\/2024\/09\/Star-Wars.jpg?resize=1050%2C600&ssl=1 3x, https:\/\/i0.wp.com\/www.movieartwork.org\/wp-content\/uploads\/2024\/09\/Star-Wars.jpg?resize=1400%2C800&ssl=1 4x"},"classes":[]},{"id":2774,"url":"https:\/\/www.movieartwork.org\/?page_id=2774","url_meta":{"origin":814,"position":3},"title":"Recht","author":"Movie Fan","date":"Dezember 25, 2016","format":false,"excerpt":"Das Recht bei der Verbreitung von Bild, Video und Audio ist nicht leicht zu verstehen. Damit ihr euch besser orientieren k\u00f6nnt, sammle ich hier ein paar Grundlagen zu diesem Thema, die f\u00fcr euch n\u00fctzlich sein k\u00f6nnten. Einen Urheberrechtsvermerk erstellen \/ anmelden Pers\u00f6nlichkeitsrecht bei Videos Ihr wollt zu einem Drehort fliegen\u2026","rel":"","context":"\u00c4hnlicher Beitrag","block_context":{"text":"\u00c4hnlicher Beitrag","link":""},"img":{"alt_text":"","src":"","width":0,"height":0},"classes":[]}],"jetpack_likes_enabled":true,"_links":{"self":[{"href":"https:\/\/www.movieartwork.org\/index.php?rest_route=\/wp\/v2\/pages\/814","targetHints":{"allow":["GET"]}}],"collection":[{"href":"https:\/\/www.movieartwork.org\/index.php?rest_route=\/wp\/v2\/pages"}],"about":[{"href":"https:\/\/www.movieartwork.org\/index.php?rest_route=\/wp\/v2\/types\/page"}],"author":[{"embeddable":true,"href":"https:\/\/www.movieartwork.org\/index.php?rest_route=\/wp\/v2\/users\/1"}],"replies":[{"embeddable":true,"href":"https:\/\/www.movieartwork.org\/index.php?rest_route=%2Fwp%2Fv2%2Fcomments&post=814"}],"version-history":[{"count":2,"href":"https:\/\/www.movieartwork.org\/index.php?rest_route=\/wp\/v2\/pages\/814\/revisions"}],"predecessor-version":[{"id":3681,"href":"https:\/\/www.movieartwork.org\/index.php?rest_route=\/wp\/v2\/pages\/814\/revisions\/3681"}],"wp:attachment":[{"href":"https:\/\/www.movieartwork.org\/index.php?rest_route=%2Fwp%2Fv2%2Fmedia&parent=814"}],"curies":[{"name":"wp","href":"https:\/\/api.w.org\/{rel}","templated":true}]}}