{"id":2787,"date":"2017-01-06T11:57:49","date_gmt":"2017-01-06T09:57:49","guid":{"rendered":"http:\/\/movieartwork.org\/?page_id=2787"},"modified":"2026-02-04T23:48:39","modified_gmt":"2026-02-04T21:48:39","slug":"die-scetchcrew","status":"publish","type":"page","link":"https:\/\/www.movieartwork.org\/?page_id=2787","title":{"rendered":"Die Scetchcrew"},"content":{"rendered":"<div class=\"jetpack-video-wrapper\"><span class=\"embed-youtube\" style=\"text-align:center; display: block;\"><iframe loading=\"lazy\" class=\"youtube-player\" width=\"640\" height=\"360\" src=\"https:\/\/www.youtube.com\/embed\/GJzKJgjIlCA?version=3&#038;rel=1&#038;showsearch=0&#038;showinfo=1&#038;iv_load_policy=1&#038;fs=1&#038;hl=de-DE&#038;autohide=2&#038;wmode=transparent\" allowfullscreen=\"true\" style=\"border:0;\" sandbox=\"allow-scripts allow-same-origin allow-popups allow-presentation allow-popups-to-escape-sandbox\"><\/iframe><\/span><\/div>\n<p>Traue keiner App, lieber dem Wetter &#8211; Comedy<\/p>\n<div class=\"jetpack-video-wrapper\"><span class=\"embed-youtube\" style=\"text-align:center; display: block;\"><iframe loading=\"lazy\" class=\"youtube-player\" width=\"640\" height=\"360\" src=\"https:\/\/www.youtube.com\/embed\/Ro8GqMD9TqE?version=3&#038;rel=1&#038;showsearch=0&#038;showinfo=1&#038;iv_load_policy=1&#038;fs=1&#038;hl=de-DE&#038;autohide=2&#038;wmode=transparent\" allowfullscreen=\"true\" style=\"border:0;\" sandbox=\"allow-scripts allow-same-origin allow-popups allow-presentation allow-popups-to-escape-sandbox\"><\/iframe><\/span><\/div>\n<p>Die Rollenverteilung beim Grillen &#8211; Comedy<\/p>\n<div class=\"jetpack-video-wrapper\"><span class=\"embed-youtube\" style=\"text-align:center; display: block;\"><iframe loading=\"lazy\" class=\"youtube-player\" width=\"640\" height=\"360\" src=\"https:\/\/www.youtube.com\/embed\/3erWMeNVnGE?version=3&#038;rel=1&#038;showsearch=0&#038;showinfo=1&#038;iv_load_policy=1&#038;fs=1&#038;hl=de-DE&#038;autohide=2&#038;wmode=transparent\" allowfullscreen=\"true\" style=\"border:0;\" sandbox=\"allow-scripts allow-same-origin allow-popups allow-presentation allow-popups-to-escape-sandbox\"><\/iframe><\/span><\/div>\n<div class=\"remoji_bar\"><div class=\"remoji_add_container\" data-remoji-id=\"2787\" data-remoji-type=\"post\"><div class=\"remoji_add_icon\"><\/div><\/div><div class=\"remoji_error_bar\" data-remoji-id=\"2787\" data-remoji-type=\"post\" style=\"display: none;\">Error happened.<\/div><\/div>","protected":false},"excerpt":{"rendered":"<p>Traue keiner App, lieber dem Wetter &#8211; Comedy Die Rollenverteilung beim Grillen &#8211; Comedy Error happened.<\/p>\n","protected":false},"author":2,"featured_media":0,"parent":0,"menu_order":1,"comment_status":"closed","ping_status":"closed","template":"","meta":{"episode_type":"","audio_file":"","podmotor_file_id":"","podmotor_episode_id":"","cover_image":"","cover_image_id":"","duration":"","filesize":"","filesize_raw":"","date_recorded":"","explicit":"","block":"","ngg_post_thumbnail":0,"jetpack_post_was_ever_published":false,"footnotes":""},"class_list":["post-2787","page","type-page","status-publish","hentry"],"jetpack_sharing_enabled":true,"jetpack_shortlink":"https:\/\/wp.me\/P9zb6w-IX","jetpack-related-posts":[{"id":3677,"url":"https:\/\/www.movieartwork.org\/?page_id=3677","url_meta":{"origin":2787,"position":0},"title":"Datenschutzerkl\u00e4rung","author":"BlogAdmin","date":"Mai 15, 2018","format":false,"excerpt":"Datenschutzerkl\u00e4rung \u00a0 Diese Datenschutzerkl\u00e4rung kl\u00e4rt Sie \u00fcber die Art, den Umfang und Zweck der Verarbeitung von personenbezogenen Daten (nachfolgend kurz \u201eDaten\u201c) innerhalb unseres Onlineangebotes und der mit ihm verbundenen Webseiten, Funktionen und Inhalte sowie externen Onlinepr\u00e4senzen, wie z.B. unser Social Media Profile auf. (nachfolgend gemeinsam bezeichnet als \u201eOnlineangebot\u201c). Im Hinblick\u2026","rel":"","context":"\u00c4hnlicher Beitrag","block_context":{"text":"\u00c4hnlicher Beitrag","link":""},"img":{"alt_text":"","src":"","width":0,"height":0},"classes":[]},{"id":10592,"url":"https:\/\/www.movieartwork.org\/?page_id=10592","url_meta":{"origin":2787,"position":1},"title":"Vortr\u00e4ge &#8211; Keynotes &#8211; Keynotespeaker","author":"BlogAdmin","date":"September 3, 2024","format":false,"excerpt":"Wir freuen uns, Ihnen unseren Keynote Speaker f\u00fcr die hier unten stehenden Veranstaltung vorzustellen! Unser Redner ist ein wahrer Enthusiast f\u00fcr spannende und faszinierende Themen. Mit einem besonderen Schwerpunkt auf die Bahn, Star Trek und Star Wars, wird er Sie auf eine Reise durch die Welten der Wissenschaft, Technologie und\u2026","rel":"","context":"\u00c4hnlicher Beitrag","block_context":{"text":"\u00c4hnlicher Beitrag","link":""},"img":{"alt_text":"","src":"https:\/\/i0.wp.com\/www.movieartwork.org\/wp-content\/uploads\/2024\/09\/Star-Wars.jpg?resize=350%2C200&ssl=1","width":350,"height":200,"srcset":"https:\/\/i0.wp.com\/www.movieartwork.org\/wp-content\/uploads\/2024\/09\/Star-Wars.jpg?resize=350%2C200&ssl=1 1x, https:\/\/i0.wp.com\/www.movieartwork.org\/wp-content\/uploads\/2024\/09\/Star-Wars.jpg?resize=525%2C300&ssl=1 1.5x, https:\/\/i0.wp.com\/www.movieartwork.org\/wp-content\/uploads\/2024\/09\/Star-Wars.jpg?resize=700%2C400&ssl=1 2x, https:\/\/i0.wp.com\/www.movieartwork.org\/wp-content\/uploads\/2024\/09\/Star-Wars.jpg?resize=1050%2C600&ssl=1 3x, https:\/\/i0.wp.com\/www.movieartwork.org\/wp-content\/uploads\/2024\/09\/Star-Wars.jpg?resize=1400%2C800&ssl=1 4x"},"classes":[]},{"id":10603,"url":"https:\/\/www.movieartwork.org\/?page_id=10603","url_meta":{"origin":2787,"position":2},"title":"Star Wars Keynotes","author":"BlogAdmin","date":"September 5, 2024","format":false,"excerpt":"Star Wars und die Mythologie: Ein moderner Mythos und seine Weisheiten Stell dir vor, du befindest dich in einer weit, weit entfernten Galaxis, wo mystische Kr\u00e4fte und epische Schlachten das Schicksal bestimmen. George Lucas hat mit Star Wars nicht nur ein filmisches Meisterwerk geschaffen, sondern auch eine moderne Mythologie, die\u2026","rel":"","context":"\u00c4hnlicher Beitrag","block_context":{"text":"\u00c4hnlicher Beitrag","link":""},"img":{"alt_text":"","src":"https:\/\/i0.wp.com\/www.movieartwork.org\/wp-content\/uploads\/2024\/09\/Star-Wars.jpg?resize=350%2C200&ssl=1","width":350,"height":200,"srcset":"https:\/\/i0.wp.com\/www.movieartwork.org\/wp-content\/uploads\/2024\/09\/Star-Wars.jpg?resize=350%2C200&ssl=1 1x, https:\/\/i0.wp.com\/www.movieartwork.org\/wp-content\/uploads\/2024\/09\/Star-Wars.jpg?resize=525%2C300&ssl=1 1.5x, https:\/\/i0.wp.com\/www.movieartwork.org\/wp-content\/uploads\/2024\/09\/Star-Wars.jpg?resize=700%2C400&ssl=1 2x, https:\/\/i0.wp.com\/www.movieartwork.org\/wp-content\/uploads\/2024\/09\/Star-Wars.jpg?resize=1050%2C600&ssl=1 3x, https:\/\/i0.wp.com\/www.movieartwork.org\/wp-content\/uploads\/2024\/09\/Star-Wars.jpg?resize=1400%2C800&ssl=1 4x"},"classes":[]},{"id":814,"url":"https:\/\/www.movieartwork.org\/?page_id=814","url_meta":{"origin":2787,"position":3},"title":"Impressum","author":"BlogAdmin","date":"Oktober 13, 2014","format":false,"excerpt":"Impressum Angaben gem\u00e4\u00df \u00a7 5 TMG: Sascha Rust Elisabethstr.2 31582 Nienburg Kontakt: Telefon: +49 (0) 5021 910433 EMail: networker-service@arcor.de Haftung f\u00fcr Inhalte Als Diensteanbieter sind wir gem\u00e4\u00df \u00a7 7 Abs.1 TMG f\u00fcr eigene Inhalte auf diesen Seiten nach den allgemeinen Gesetzen verantwortlich. Nach \u00a7\u00a7 8 bis 10 TMG sind wir\u2026","rel":"","context":"\u00c4hnlicher Beitrag","block_context":{"text":"\u00c4hnlicher Beitrag","link":""},"img":{"alt_text":"","src":"","width":0,"height":0},"classes":[]},{"id":2774,"url":"https:\/\/www.movieartwork.org\/?page_id=2774","url_meta":{"origin":2787,"position":4},"title":"Recht","author":"Movie Fan","date":"Dezember 25, 2016","format":false,"excerpt":"Das Recht bei der Verbreitung von Bild, Video und Audio ist nicht leicht zu verstehen. Damit ihr euch besser orientieren k\u00f6nnt, sammle ich hier ein paar Grundlagen zu diesem Thema, die f\u00fcr euch n\u00fctzlich sein k\u00f6nnten. Einen Urheberrechtsvermerk erstellen \/ anmelden Pers\u00f6nlichkeitsrecht bei Videos Ihr wollt zu einem Drehort fliegen\u2026","rel":"","context":"\u00c4hnlicher Beitrag","block_context":{"text":"\u00c4hnlicher Beitrag","link":""},"img":{"alt_text":"","src":"","width":0,"height":0},"classes":[]},{"id":357,"url":"https:\/\/www.movieartwork.org\/?page_id=357","url_meta":{"origin":2787,"position":5},"title":"Fed Con","author":"Movie Fan","date":"Juni 19, 2014","format":false,"excerpt":"Fed Con 33 30. Mai - 1. Juni 2025, Maritim Hotel Bonn Starg\u00e4ste Dan Jeannotte | Dan Curry | Sam J. Jones | J.G. Hertzler | Bob Reilly | Jamie Bamber | Lexa Doig | Torri Higginson | Michael Shanks | Gary Jones | Jonathan Frakes | Richard Dean Anderson\u2026","rel":"","context":"\u00c4hnlicher Beitrag","block_context":{"text":"\u00c4hnlicher Beitrag","link":""},"img":{"alt_text":"","src":"","width":0,"height":0},"classes":[]}],"jetpack_likes_enabled":true,"_links":{"self":[{"href":"https:\/\/www.movieartwork.org\/index.php?rest_route=\/wp\/v2\/pages\/2787","targetHints":{"allow":["GET"]}}],"collection":[{"href":"https:\/\/www.movieartwork.org\/index.php?rest_route=\/wp\/v2\/pages"}],"about":[{"href":"https:\/\/www.movieartwork.org\/index.php?rest_route=\/wp\/v2\/types\/page"}],"author":[{"embeddable":true,"href":"https:\/\/www.movieartwork.org\/index.php?rest_route=\/wp\/v2\/users\/2"}],"replies":[{"embeddable":true,"href":"https:\/\/www.movieartwork.org\/index.php?rest_route=%2Fwp%2Fv2%2Fcomments&post=2787"}],"version-history":[{"count":4,"href":"https:\/\/www.movieartwork.org\/index.php?rest_route=\/wp\/v2\/pages\/2787\/revisions"}],"predecessor-version":[{"id":3359,"href":"https:\/\/www.movieartwork.org\/index.php?rest_route=\/wp\/v2\/pages\/2787\/revisions\/3359"}],"wp:attachment":[{"href":"https:\/\/www.movieartwork.org\/index.php?rest_route=%2Fwp%2Fv2%2Fmedia&parent=2787"}],"curies":[{"name":"wp","href":"https:\/\/api.w.org\/{rel}","templated":true}]}}