{"id":10603,"date":"2024-09-05T15:20:08","date_gmt":"2024-09-05T13:20:08","guid":{"rendered":"https:\/\/www.movieartwork.org\/?page_id=10603"},"modified":"2024-12-02T12:56:17","modified_gmt":"2024-12-02T10:56:17","slug":"star-wars-keynotes","status":"publish","type":"page","link":"https:\/\/www.movieartwork.org\/?page_id=10603","title":{"rendered":"Star Wars Keynotes"},"content":{"rendered":"\n<h2 class=\"wp-block-heading\">Star Wars und die Mythologie: Ein moderner Mythos und seine Weisheiten<\/h2>\n\n\n<div class=\"wp-block-image\">\n<figure class=\"aligncenter size-large\"><img data-recalc-dims=\"1\" loading=\"lazy\" decoding=\"async\" width=\"640\" height=\"366\" data-attachment-id=\"10606\" data-permalink=\"https:\/\/www.movieartwork.org\/?attachment_id=10606\" data-orig-file=\"https:\/\/i0.wp.com\/www.movieartwork.org\/wp-content\/uploads\/2024\/09\/Star-Wars.jpg?fit=1792%2C1024&amp;ssl=1\" data-orig-size=\"1792,1024\" data-comments-opened=\"0\" data-image-meta=\"{&quot;aperture&quot;:&quot;0&quot;,&quot;credit&quot;:&quot;&quot;,&quot;camera&quot;:&quot;&quot;,&quot;caption&quot;:&quot;&quot;,&quot;created_timestamp&quot;:&quot;0&quot;,&quot;copyright&quot;:&quot;&quot;,&quot;focal_length&quot;:&quot;0&quot;,&quot;iso&quot;:&quot;0&quot;,&quot;shutter_speed&quot;:&quot;0&quot;,&quot;title&quot;:&quot;&quot;,&quot;orientation&quot;:&quot;1&quot;}\" data-image-title=\"Star Wars\" data-image-description=\"\" data-image-caption=\"\" data-large-file=\"https:\/\/i0.wp.com\/www.movieartwork.org\/wp-content\/uploads\/2024\/09\/Star-Wars.jpg?fit=640%2C366&amp;ssl=1\" src=\"https:\/\/i0.wp.com\/www.movieartwork.org\/wp-content\/uploads\/2024\/09\/Star-Wars.jpg?resize=640%2C366&#038;ssl=1\" alt=\"\" class=\"wp-image-10606\" srcset=\"https:\/\/i0.wp.com\/www.movieartwork.org\/wp-content\/uploads\/2024\/09\/Star-Wars.jpg?resize=1024%2C585&amp;ssl=1 1024w, https:\/\/i0.wp.com\/www.movieartwork.org\/wp-content\/uploads\/2024\/09\/Star-Wars.jpg?resize=480%2C274&amp;ssl=1 480w, https:\/\/i0.wp.com\/www.movieartwork.org\/wp-content\/uploads\/2024\/09\/Star-Wars.jpg?resize=768%2C439&amp;ssl=1 768w, https:\/\/i0.wp.com\/www.movieartwork.org\/wp-content\/uploads\/2024\/09\/Star-Wars.jpg?resize=1536%2C878&amp;ssl=1 1536w, https:\/\/i0.wp.com\/www.movieartwork.org\/wp-content\/uploads\/2024\/09\/Star-Wars.jpg?w=1792&amp;ssl=1 1792w, https:\/\/i0.wp.com\/www.movieartwork.org\/wp-content\/uploads\/2024\/09\/Star-Wars.jpg?w=1280&amp;ssl=1 1280w\" sizes=\"auto, (max-width: 640px) 100vw, 640px\" \/><\/figure>\n<\/div>\n\n\n<div class=\"wp-block-group\"><div class=\"wp-block-group__inner-container is-layout-constrained wp-block-group-is-layout-constrained\">\n<div class=\"wp-block-group\"><div class=\"wp-block-group__inner-container is-layout-constrained wp-block-group-is-layout-constrained\">\n<p>Stell dir vor, du befindest dich in einer weit, weit entfernten Galaxis, wo mystische Kr\u00e4fte und epische Schlachten das Schicksal bestimmen. George Lucas hat mit Star Wars nicht nur ein filmisches Meisterwerk geschaffen, sondern auch eine moderne Mythologie, die tief in den uralten Erz\u00e4hlungen und Weisheiten verwurzelt ist. Von den Jedi-Rittern, die an die Ritter der Tafelrunde erinnern, bis hin zu den Heldenreisen, die Parallelen zu den Abenteuern von Odysseus und Orpheus aufweisen \u2013 Star Wars ist eine Schatztruhe voller mythologischer Bez\u00fcge und spiritueller Einsichten.<\/p>\n\n\n\n<p>In diesem Vortrag werden wir die faszinierenden Verbindungen zwischen den Geschichten aus Star Wars und den klassischen Mythen der Menschheit erkunden. Wir werden sehen, wie Lucas Elemente aus der Natur und theoretischen Fahrzeugkonzepten integriert hat, um ikonische Designs wie den Millennium Falcon und den AT-TE zu erschaffen. Begleiten Sie uns auf dieser Reise durch Zeit und Legenden und entdecken Sie die Weisheiten, die in diesem modernen Epos verborgen sind.<\/p>\n\n\n\n<p>In dieser einzigartigen Veranstaltung lade ich das Publikum ein, aktiv teilzunehmen und gemeinsam mit mir eine Heldenreise zu beginnen. Ob alleine oder in einer Gruppe \u2013 wir gestalten die Reise individuell nach euren W\u00fcnschen und Bed\u00fcrfnissen. Taucht ein in ein Abenteuer, das speziell auf euch zugeschnitten ist, und entdeckt neue Perspektiven und M\u00f6glichkeiten.<\/p>\n\n\n\n<blockquote class=\"wp-block-quote is-layout-flow wp-block-quote-is-layout-flow\">\n<p>Dauer der Veranstaltung<\/p>\n<cite>45 &#8211; 60 Minuten<\/cite><\/blockquote>\n\n\n\n<p><\/p>\n<\/div><\/div>\n<\/div><\/div>\n<div class=\"remoji_bar\"><div class=\"remoji_add_container\" data-remoji-id=\"10603\" data-remoji-type=\"post\"><div class=\"remoji_add_icon\"><\/div><\/div><div class=\"remoji_error_bar\" data-remoji-id=\"10603\" data-remoji-type=\"post\" style=\"display: none;\">Error happened.<\/div><\/div>","protected":false},"excerpt":{"rendered":"<p>Star Wars und die Mythologie: Ein moderner Mythos und seine Weisheiten Stell dir vor, du befindest dich in einer weit, weit entfernten Galaxis, wo mystische Kr\u00e4fte und epische Schlachten das Schicksal bestimmen. George Lucas hat mit Star Wars nicht nur ein filmisches Meisterwerk geschaffen, sondern auch eine moderne Mythologie, die tief in den uralten Erz\u00e4hlungen [&hellip;]<\/p>\n","protected":false},"author":1,"featured_media":0,"parent":10592,"menu_order":0,"comment_status":"closed","ping_status":"closed","template":"","meta":{"episode_type":"","audio_file":"","podmotor_file_id":"","podmotor_episode_id":"","cover_image":"","cover_image_id":"","duration":"","filesize":"","filesize_raw":"","date_recorded":"","explicit":"","block":"","ngg_post_thumbnail":0,"jetpack_post_was_ever_published":false,"footnotes":""},"class_list":["post-10603","page","type-page","status-publish","hentry"],"jetpack_sharing_enabled":true,"jetpack_shortlink":"https:\/\/wp.me\/P9zb6w-2L1","jetpack-related-posts":[{"id":10592,"url":"https:\/\/www.movieartwork.org\/?page_id=10592","url_meta":{"origin":10603,"position":0},"title":"Vortr\u00e4ge &#8211; Keynotes &#8211; Keynotespeaker","author":"BlogAdmin","date":"September 3, 2024","format":false,"excerpt":"Wir freuen uns, Ihnen unseren Keynote Speaker f\u00fcr die hier unten stehenden Veranstaltung vorzustellen! Unser Redner ist ein wahrer Enthusiast f\u00fcr spannende und faszinierende Themen. Mit einem besonderen Schwerpunkt auf die Bahn, Star Trek und Star Wars, wird er Sie auf eine Reise durch die Welten der Wissenschaft, Technologie und\u2026","rel":"","context":"\u00c4hnlicher Beitrag","block_context":{"text":"\u00c4hnlicher Beitrag","link":""},"img":{"alt_text":"","src":"https:\/\/i0.wp.com\/www.movieartwork.org\/wp-content\/uploads\/2024\/09\/Star-Wars.jpg?resize=350%2C200&ssl=1","width":350,"height":200,"srcset":"https:\/\/i0.wp.com\/www.movieartwork.org\/wp-content\/uploads\/2024\/09\/Star-Wars.jpg?resize=350%2C200&ssl=1 1x, https:\/\/i0.wp.com\/www.movieartwork.org\/wp-content\/uploads\/2024\/09\/Star-Wars.jpg?resize=525%2C300&ssl=1 1.5x, https:\/\/i0.wp.com\/www.movieartwork.org\/wp-content\/uploads\/2024\/09\/Star-Wars.jpg?resize=700%2C400&ssl=1 2x, https:\/\/i0.wp.com\/www.movieartwork.org\/wp-content\/uploads\/2024\/09\/Star-Wars.jpg?resize=1050%2C600&ssl=1 3x, https:\/\/i0.wp.com\/www.movieartwork.org\/wp-content\/uploads\/2024\/09\/Star-Wars.jpg?resize=1400%2C800&ssl=1 4x"},"classes":[]},{"id":3677,"url":"https:\/\/www.movieartwork.org\/?page_id=3677","url_meta":{"origin":10603,"position":1},"title":"Datenschutzerkl\u00e4rung","author":"BlogAdmin","date":"Mai 15, 2018","format":false,"excerpt":"Datenschutzerkl\u00e4rung \u00a0 Diese Datenschutzerkl\u00e4rung kl\u00e4rt Sie \u00fcber die Art, den Umfang und Zweck der Verarbeitung von personenbezogenen Daten (nachfolgend kurz \u201eDaten\u201c) innerhalb unseres Onlineangebotes und der mit ihm verbundenen Webseiten, Funktionen und Inhalte sowie externen Onlinepr\u00e4senzen, wie z.B. unser Social Media Profile auf. (nachfolgend gemeinsam bezeichnet als \u201eOnlineangebot\u201c). Im Hinblick\u2026","rel":"","context":"\u00c4hnlicher Beitrag","block_context":{"text":"\u00c4hnlicher Beitrag","link":""},"img":{"alt_text":"","src":"","width":0,"height":0},"classes":[]},{"id":814,"url":"https:\/\/www.movieartwork.org\/?page_id=814","url_meta":{"origin":10603,"position":2},"title":"Impressum","author":"BlogAdmin","date":"Oktober 13, 2014","format":false,"excerpt":"Impressum Angaben gem\u00e4\u00df \u00a7 5 TMG: Sascha Rust Elisabethstr.2 31582 Nienburg Kontakt: Telefon: +49 (0) 5021 910433 EMail: networker-service@arcor.de Haftung f\u00fcr Inhalte Als Diensteanbieter sind wir gem\u00e4\u00df \u00a7 7 Abs.1 TMG f\u00fcr eigene Inhalte auf diesen Seiten nach den allgemeinen Gesetzen verantwortlich. Nach \u00a7\u00a7 8 bis 10 TMG sind wir\u2026","rel":"","context":"\u00c4hnlicher Beitrag","block_context":{"text":"\u00c4hnlicher Beitrag","link":""},"img":{"alt_text":"","src":"","width":0,"height":0},"classes":[]},{"id":2774,"url":"https:\/\/www.movieartwork.org\/?page_id=2774","url_meta":{"origin":10603,"position":3},"title":"Recht","author":"Movie Fan","date":"Dezember 25, 2016","format":false,"excerpt":"Das Recht bei der Verbreitung von Bild, Video und Audio ist nicht leicht zu verstehen. Damit ihr euch besser orientieren k\u00f6nnt, sammle ich hier ein paar Grundlagen zu diesem Thema, die f\u00fcr euch n\u00fctzlich sein k\u00f6nnten. Einen Urheberrechtsvermerk erstellen \/ anmelden Pers\u00f6nlichkeitsrecht bei Videos Ihr wollt zu einem Drehort fliegen\u2026","rel":"","context":"\u00c4hnlicher Beitrag","block_context":{"text":"\u00c4hnlicher Beitrag","link":""},"img":{"alt_text":"","src":"","width":0,"height":0},"classes":[]},{"id":357,"url":"https:\/\/www.movieartwork.org\/?page_id=357","url_meta":{"origin":10603,"position":4},"title":"Fed Con","author":"Movie Fan","date":"Juni 19, 2014","format":false,"excerpt":"Fed Con 33 30. Mai - 1. Juni 2025, Maritim Hotel Bonn Starg\u00e4ste Dan Jeannotte | Dan Curry | Sam J. Jones | J.G. Hertzler | Bob Reilly | Jamie Bamber | Lexa Doig | Torri Higginson | Michael Shanks | Gary Jones | Jonathan Frakes | Richard Dean Anderson\u2026","rel":"","context":"\u00c4hnlicher Beitrag","block_context":{"text":"\u00c4hnlicher Beitrag","link":""},"img":{"alt_text":"","src":"","width":0,"height":0},"classes":[]},{"id":7666,"url":"https:\/\/www.movieartwork.org\/?page_id=7666","url_meta":{"origin":10603,"position":5},"title":"Convention","author":"Movie Fan","date":"September 11, 2020","format":false,"excerpt":"Comic Con Hannover 20. \u2013 21. Mai 2017, Messegel\u00e4nde Hannover Starg\u00e4ste Summer Glau, Sean Maher, Katie Cassidy,\u00a0Echo Kellum, Daniela Ruah, Eric Christian Olsen, Scott Adkins,\u00a0Ladislav Beran, Hynden Walch Autoren, Experten, Vortragende und Special Guests Rewinside, Tomska, Cyehra Fotogalerie Nexus Convention 10. \u2013 12. September 1999, Estrel Convention Center Berlin Starg\u00e4ste\u2026","rel":"","context":"\u00c4hnlicher Beitrag","block_context":{"text":"\u00c4hnlicher Beitrag","link":""},"img":{"alt_text":"","src":"","width":0,"height":0},"classes":[]}],"jetpack_likes_enabled":true,"_links":{"self":[{"href":"https:\/\/www.movieartwork.org\/index.php?rest_route=\/wp\/v2\/pages\/10603","targetHints":{"allow":["GET"]}}],"collection":[{"href":"https:\/\/www.movieartwork.org\/index.php?rest_route=\/wp\/v2\/pages"}],"about":[{"href":"https:\/\/www.movieartwork.org\/index.php?rest_route=\/wp\/v2\/types\/page"}],"author":[{"embeddable":true,"href":"https:\/\/www.movieartwork.org\/index.php?rest_route=\/wp\/v2\/users\/1"}],"replies":[{"embeddable":true,"href":"https:\/\/www.movieartwork.org\/index.php?rest_route=%2Fwp%2Fv2%2Fcomments&post=10603"}],"version-history":[{"count":11,"href":"https:\/\/www.movieartwork.org\/index.php?rest_route=\/wp\/v2\/pages\/10603\/revisions"}],"predecessor-version":[{"id":10732,"href":"https:\/\/www.movieartwork.org\/index.php?rest_route=\/wp\/v2\/pages\/10603\/revisions\/10732"}],"up":[{"embeddable":true,"href":"https:\/\/www.movieartwork.org\/index.php?rest_route=\/wp\/v2\/pages\/10592"}],"wp:attachment":[{"href":"https:\/\/www.movieartwork.org\/index.php?rest_route=%2Fwp%2Fv2%2Fmedia&parent=10603"}],"curies":[{"name":"wp","href":"https:\/\/api.w.org\/{rel}","templated":true}]}}