{"id":10051,"date":"2024-03-22T12:12:38","date_gmt":"2024-03-22T10:12:38","guid":{"rendered":"https:\/\/www.movieartwork.org\/?page_id=10051"},"modified":"2026-02-17T13:44:59","modified_gmt":"2026-02-17T11:44:59","slug":"restaurants","status":"publish","type":"page","link":"https:\/\/www.movieartwork.org\/?page_id=10051","title":{"rendered":"Best of Food &amp; Dining"},"content":{"rendered":"<h2 id=\"tablepress-2-name\" class=\"tablepress-table-name tablepress-table-name-id-2\">Die beste Hauptspeise<\/h2>\n<span id=\"tablepress-2-description\" class=\"tablepress-table-description tablepress-table-description-id-2\">In dieser Liste haben wir unsere pers\u00f6nlichen kulinarischen Highlights aus aller Welt festgehalten \u2013 jene Hauptspeisen, die uns auf Reisen oder Restaurantbesuchen so begeistert haben, dass wir sie unbedingt dokumentieren wollten. Da viele dieser Gerichte nicht dauerhaft auf den Speisekarten stehen oder saisonal variieren, haben wir zus\u00e4tzlich das Jahr vermerkt, in dem wir sie gegessen haben.<br \/>\nUm die Einordnung noch leichter zu machen, enth\u00e4lt die Tabelle au\u00dferdem den Ort und das Land, an dem wir das jeweilige Gericht probiert haben. So entsteht eine kleine kulinarische Weltkarte unserer Lieblingsgerichte, die zeigt, wie vielf\u00e4ltig und \u00fcberraschend gutes Essen sein kann.<br \/>\n<\/span>\n\n<table id=\"tablepress-2\" class=\"tablepress tablepress-id-2\" aria-labelledby=\"tablepress-2-name\" aria-describedby=\"tablepress-2-description\">\n<thead>\n<tr class=\"row-1\">\n\t<th class=\"column-1\">Platz<\/th><th class=\"column-2\">Hauptspeise<\/th><th class=\"column-3\">Restaurant<\/th><th class=\"column-4\">Ort<\/th><th class=\"column-5\">Land<\/th><th class=\"column-6\">Jahr<\/th><th class=\"column-7\">Bild<\/th>\n<\/tr>\n<\/thead>\n<tbody class=\"row-striping row-hover\">\n<tr class=\"row-2\">\n\t<td class=\"column-1\">1<\/td><td class=\"column-2\"><a href=\"https:\/\/www.movieartwork.org\/?p=11907\">Pollo en Barbacoa in Weimar \u2013 Ein Teller voller W\u00e4rme im Februar 2026<\/a><\/td><td class=\"column-3\">El Burrito<\/td><td class=\"column-4\">Weimar<\/td><td class=\"column-5\">Deutschland<\/td><td class=\"column-6\">2026<\/td><td class=\"column-7\"><img data-recalc-dims=\"1\" loading=\"lazy\" decoding=\"async\" data-attachment-id=\"11908\" data-permalink=\"https:\/\/www.movieartwork.org\/?attachment_id=11908\" data-orig-file=\"https:\/\/i0.wp.com\/www.movieartwork.org\/wp-content\/uploads\/2026\/02\/Pollo.jpg?fit=425%2C495&amp;ssl=1\" data-orig-size=\"425,495\" data-comments-opened=\"0\" data-image-meta=\"{&quot;aperture&quot;:&quot;0&quot;,&quot;credit&quot;:&quot;&quot;,&quot;camera&quot;:&quot;&quot;,&quot;caption&quot;:&quot;&quot;,&quot;created_timestamp&quot;:&quot;0&quot;,&quot;copyright&quot;:&quot;&quot;,&quot;focal_length&quot;:&quot;0&quot;,&quot;iso&quot;:&quot;0&quot;,&quot;shutter_speed&quot;:&quot;0&quot;,&quot;title&quot;:&quot;&quot;,&quot;orientation&quot;:&quot;1&quot;}\" data-image-title=\"Pollo\" data-image-description=\"\" data-image-caption=\"\" data-large-file=\"https:\/\/i0.wp.com\/www.movieartwork.org\/wp-content\/uploads\/2026\/02\/Pollo.jpg?fit=425%2C495&amp;ssl=1\" src=\"https:\/\/i0.wp.com\/www.movieartwork.org\/wp-content\/uploads\/2026\/02\/Pollo.jpg?resize=150%2C150&#038;ssl=1\" alt=\"\" width=\"150\" height=\"150\" class=\"alignnone size-thumbnail wp-image-11908\" srcset=\"https:\/\/i0.wp.com\/www.movieartwork.org\/wp-content\/uploads\/2026\/02\/Pollo.jpg?resize=150%2C150&amp;ssl=1 150w, https:\/\/i0.wp.com\/www.movieartwork.org\/wp-content\/uploads\/2026\/02\/Pollo.jpg?zoom=2&amp;resize=150%2C150&amp;ssl=1 300w\" sizes=\"auto, (max-width: 150px) 100vw, 150px\" \/><\/td>\n<\/tr>\n<tr class=\"row-3\">\n\t<td class=\"column-1\">2<\/td><td class=\"column-2\"><a href=\"https:\/\/www.movieartwork.org\/?p=11881\">Pulled-Pork-Flammkuchen im Wirtshaus Hannover \u2013 ein herzhaftes Highlight<\/a><\/td><td class=\"column-3\">Wirtshaus Hannover<\/td><td class=\"column-4\">Hannover<\/td><td class=\"column-5\">Deutschland<\/td><td class=\"column-6\">2026<\/td><td class=\"column-7\"><img data-recalc-dims=\"1\" loading=\"lazy\" decoding=\"async\" data-attachment-id=\"11882\" data-permalink=\"https:\/\/www.movieartwork.org\/?attachment_id=11882\" data-orig-file=\"https:\/\/i0.wp.com\/www.movieartwork.org\/wp-content\/uploads\/2026\/02\/Pulled-Pork-scaled.jpg?fit=2560%2C1920&amp;ssl=1\" data-orig-size=\"2560,1920\" data-comments-opened=\"0\" data-image-meta=\"{&quot;aperture&quot;:&quot;1.7&quot;,&quot;credit&quot;:&quot;&quot;,&quot;camera&quot;:&quot;2406APNFAG&quot;,&quot;caption&quot;:&quot;&quot;,&quot;created_timestamp&quot;:&quot;1771076684&quot;,&quot;copyright&quot;:&quot;&quot;,&quot;focal_length&quot;:&quot;5.35&quot;,&quot;iso&quot;:&quot;800&quot;,&quot;shutter_speed&quot;:&quot;0.020000432&quot;,&quot;title&quot;:&quot;&quot;,&quot;orientation&quot;:&quot;1&quot;}\" data-image-title=\"Pulled Pork\" data-image-description=\"\" data-image-caption=\"\" data-large-file=\"https:\/\/i0.wp.com\/www.movieartwork.org\/wp-content\/uploads\/2026\/02\/Pulled-Pork-scaled.jpg?fit=640%2C480&amp;ssl=1\" src=\"https:\/\/i0.wp.com\/www.movieartwork.org\/wp-content\/uploads\/2026\/02\/Pulled-Pork.jpg?resize=150%2C150&#038;ssl=1\" alt=\"\" width=\"150\" height=\"150\" class=\"alignnone size-thumbnail wp-image-11882\" srcset=\"https:\/\/i0.wp.com\/www.movieartwork.org\/wp-content\/uploads\/2026\/02\/Pulled-Pork-scaled.jpg?resize=150%2C150&amp;ssl=1 150w, https:\/\/i0.wp.com\/www.movieartwork.org\/wp-content\/uploads\/2026\/02\/Pulled-Pork-scaled.jpg?zoom=2&amp;resize=150%2C150&amp;ssl=1 300w, https:\/\/i0.wp.com\/www.movieartwork.org\/wp-content\/uploads\/2026\/02\/Pulled-Pork-scaled.jpg?zoom=3&amp;resize=150%2C150&amp;ssl=1 450w\" sizes=\"auto, (max-width: 150px) 100vw, 150px\" \/><\/td>\n<\/tr>\n<tr class=\"row-4\">\n\t<td class=\"column-1\">3<\/td><td class=\"column-2\"><a href=\"https:\/\/www.movieartwork.org\/?p=11959\">Napoli Stralsund: Wenn die Ostsee auf italienische Leichtigkeit trifft<\/a><\/td><td class=\"column-3\">Pizzeria La mia Lilli<\/td><td class=\"column-4\">Stralsund<\/td><td class=\"column-5\">Deutschland<\/td><td class=\"column-6\">2026<\/td><td class=\"column-7\"><img data-recalc-dims=\"1\" loading=\"lazy\" decoding=\"async\" data-attachment-id=\"11961\" data-permalink=\"https:\/\/www.movieartwork.org\/?attachment_id=11961\" data-orig-file=\"https:\/\/i0.wp.com\/www.movieartwork.org\/wp-content\/uploads\/2026\/03\/IMG_20260316_184102-scaled-e1773998109277.jpg?fit=1152%2C1360&amp;ssl=1\" data-orig-size=\"1152,1360\" data-comments-opened=\"0\" data-image-meta=\"{&quot;aperture&quot;:&quot;2.2&quot;,&quot;credit&quot;:&quot;&quot;,&quot;camera&quot;:&quot;Xiaomi 14T&quot;,&quot;caption&quot;:&quot;&quot;,&quot;created_timestamp&quot;:&quot;1773686462&quot;,&quot;copyright&quot;:&quot;&quot;,&quot;focal_length&quot;:&quot;1.91&quot;,&quot;iso&quot;:&quot;1000&quot;,&quot;shutter_speed&quot;:&quot;0.059997&quot;,&quot;title&quot;:&quot;&quot;,&quot;orientation&quot;:&quot;0&quot;}\" data-image-title=\"IMG_20260316_184102\" data-image-description=\"\" data-image-caption=\"\" data-large-file=\"https:\/\/i0.wp.com\/www.movieartwork.org\/wp-content\/uploads\/2026\/03\/IMG_20260316_184102-scaled-e1773998109277.jpg?fit=640%2C756&amp;ssl=1\" src=\"https:\/\/i0.wp.com\/www.movieartwork.org\/wp-content\/uploads\/2026\/03\/IMG_20260316_184102-scaled-e1773998109277-150x150.jpg?resize=150%2C150&#038;ssl=1\" alt=\"\" width=\"150\" height=\"150\" class=\"alignnone size-thumbnail wp-image-11961\" srcset=\"https:\/\/i0.wp.com\/www.movieartwork.org\/wp-content\/uploads\/2026\/03\/IMG_20260316_184102-scaled-e1773998109277.jpg?resize=150%2C150&amp;ssl=1 150w, https:\/\/i0.wp.com\/www.movieartwork.org\/wp-content\/uploads\/2026\/03\/IMG_20260316_184102-scaled-e1773998109277.jpg?zoom=2&amp;resize=150%2C150&amp;ssl=1 300w, https:\/\/i0.wp.com\/www.movieartwork.org\/wp-content\/uploads\/2026\/03\/IMG_20260316_184102-scaled-e1773998109277.jpg?zoom=3&amp;resize=150%2C150&amp;ssl=1 450w\" sizes=\"auto, (max-width: 150px) 100vw, 150px\" \/><\/td>\n<\/tr>\n<tr class=\"row-5\">\n\t<td class=\"column-1\">4<\/td><td class=\"column-2\"><a href=\"https:\/\/www.movieartwork.org\/?p=11970\">Burger-Highlight im Nomade Beach House \u2013 Frische, Balance &amp; richtig viel Geschmack<\/a><\/td><td class=\"column-3\">Nomade Beach House<\/td><td class=\"column-4\">Noordwijk<\/td><td class=\"column-5\">Niederlande<\/td><td class=\"column-6\">2026<\/td><td class=\"column-7\"><img data-recalc-dims=\"1\" loading=\"lazy\" decoding=\"async\" data-attachment-id=\"11972\" data-permalink=\"https:\/\/www.movieartwork.org\/?attachment_id=11972\" data-orig-file=\"https:\/\/i0.wp.com\/www.movieartwork.org\/wp-content\/uploads\/2026\/04\/IMG_20260406_185212-scaled-e1776058566796.jpg?fit=1152%2C1165&amp;ssl=1\" data-orig-size=\"1152,1165\" data-comments-opened=\"0\" data-image-meta=\"{&quot;aperture&quot;:&quot;1.7&quot;,&quot;credit&quot;:&quot;&quot;,&quot;camera&quot;:&quot;Xiaomi 14T&quot;,&quot;caption&quot;:&quot;&quot;,&quot;created_timestamp&quot;:&quot;1775501532&quot;,&quot;copyright&quot;:&quot;&quot;,&quot;focal_length&quot;:&quot;5.35&quot;,&quot;iso&quot;:&quot;80&quot;,&quot;shutter_speed&quot;:&quot;0.000727804&quot;,&quot;title&quot;:&quot;&quot;,&quot;orientation&quot;:&quot;0&quot;}\" data-image-title=\"IMG_20260406_185212\" data-image-description=\"\" data-image-caption=\"\" data-large-file=\"https:\/\/i0.wp.com\/www.movieartwork.org\/wp-content\/uploads\/2026\/04\/IMG_20260406_185212-scaled-e1776058566796.jpg?fit=640%2C647&amp;ssl=1\" src=\"https:\/\/i0.wp.com\/www.movieartwork.org\/wp-content\/uploads\/2026\/04\/IMG_20260406_185212-scaled-e1776058566796-150x150.jpg?resize=150%2C150&#038;ssl=1\" alt=\"\" width=\"150\" height=\"150\" class=\"alignnone size-thumbnail wp-image-11972\" srcset=\"https:\/\/i0.wp.com\/www.movieartwork.org\/wp-content\/uploads\/2026\/04\/IMG_20260406_185212-scaled-e1776058566796.jpg?resize=150%2C150&amp;ssl=1 150w, https:\/\/i0.wp.com\/www.movieartwork.org\/wp-content\/uploads\/2026\/04\/IMG_20260406_185212-scaled-e1776058566796.jpg?zoom=2&amp;resize=150%2C150&amp;ssl=1 300w, https:\/\/i0.wp.com\/www.movieartwork.org\/wp-content\/uploads\/2026\/04\/IMG_20260406_185212-scaled-e1776058566796.jpg?zoom=3&amp;resize=150%2C150&amp;ssl=1 450w\" sizes=\"auto, (max-width: 150px) 100vw, 150px\" \/><\/td>\n<\/tr>\n<tr class=\"row-6\">\n\t<td class=\"column-1\"><\/td><td class=\"column-2\"><\/td><td class=\"column-3\"><\/td><td class=\"column-4\"><\/td><td class=\"column-5\"><\/td><td class=\"column-6\"><\/td><td class=\"column-7\"><\/td>\n<\/tr>\n<\/tbody>\n<\/table>\n\n\n<h2 id=\"tablepress-1-name\" class=\"tablepress-table-name tablepress-table-name-id-1\">Die beste Nachspeise<\/h2>\n<span id=\"tablepress-1-description\" class=\"tablepress-table-description tablepress-table-description-id-1\">In dieser Liste sammeln wir die besten Nachspeisen aus aller Welt \u2013 handverlesen, selbst probiert und mit viel Liebe ausgew\u00e4hlt. Weil Gerichte und Restaurants sich ver\u00e4ndern oder verschwinden k\u00f6nnen, notieren wir das Jahr, in dem wir jede S\u00fc\u00dfspeise zuletzt gegessen haben. So bleibt die Erinnerung frisch, auch wenn der Ort es vielleicht nicht mehr ist.<\/span>\n\n<table id=\"tablepress-1\" class=\"tablepress tablepress-id-1\" aria-labelledby=\"tablepress-1-name\" aria-describedby=\"tablepress-1-description\">\n<thead>\n<tr class=\"row-1\">\n\t<th class=\"column-1\">Platz<\/th><th class=\"column-2\">Nachspeise<\/th><th class=\"column-3\">Restaurant<\/th><th class=\"column-4\">Ort<\/th><th class=\"column-5\">Land<\/th><th class=\"column-6\">Jahr<\/th><th class=\"column-7\">Bild<\/th>\n<\/tr>\n<\/thead>\n<tbody class=\"row-striping row-hover\">\n<tr class=\"row-2\">\n\t<td class=\"column-1\">1<\/td><td class=\"column-2\"><a href=\"https:\/\/www.movieartwork.org\/?p=11871\">Sorbet of the Seas<\/a><\/td><td class=\"column-3\">Pirates of the Caribbian<\/td><td class=\"column-4\">Disneyland Paris<\/td><td class=\"column-5\">Frankreich<\/td><td class=\"column-6\">2025<\/td><td class=\"column-7\"><img data-recalc-dims=\"1\" loading=\"lazy\" decoding=\"async\" data-attachment-id=\"11878\" data-permalink=\"https:\/\/www.movieartwork.org\/?attachment_id=11878\" data-orig-file=\"https:\/\/i0.wp.com\/www.movieartwork.org\/wp-content\/uploads\/2026\/02\/IMG_20250411_164835.jpg?fit=1836%2C1980&amp;ssl=1\" data-orig-size=\"1836,1980\" data-comments-opened=\"0\" data-image-meta=\"{&quot;aperture&quot;:&quot;1.7&quot;,&quot;credit&quot;:&quot;&quot;,&quot;camera&quot;:&quot;Xiaomi 14T&quot;,&quot;caption&quot;:&quot;&quot;,&quot;created_timestamp&quot;:&quot;1744382916&quot;,&quot;copyright&quot;:&quot;&quot;,&quot;focal_length&quot;:&quot;5.35&quot;,&quot;iso&quot;:&quot;6400&quot;,&quot;shutter_speed&quot;:&quot;0.10000216&quot;,&quot;title&quot;:&quot;&quot;,&quot;orientation&quot;:&quot;1&quot;}\" data-image-title=\"IMG_20250411_164835\" data-image-description=\"\" data-image-caption=\"\" data-large-file=\"https:\/\/i0.wp.com\/www.movieartwork.org\/wp-content\/uploads\/2026\/02\/IMG_20250411_164835.jpg?fit=640%2C690&amp;ssl=1\" src=\"https:\/\/i0.wp.com\/www.movieartwork.org\/wp-content\/uploads\/2026\/02\/IMG_20250411_164835.jpg?resize=150%2C150&#038;ssl=1\" alt=\"\" width=\"150\" height=\"150\" class=\"alignnone size-thumbnail wp-image-11878\" srcset=\"https:\/\/i0.wp.com\/www.movieartwork.org\/wp-content\/uploads\/2026\/02\/IMG_20250411_164835.jpg?resize=150%2C150&amp;ssl=1 150w, https:\/\/i0.wp.com\/www.movieartwork.org\/wp-content\/uploads\/2026\/02\/IMG_20250411_164835.jpg?zoom=2&amp;resize=150%2C150&amp;ssl=1 300w, https:\/\/i0.wp.com\/www.movieartwork.org\/wp-content\/uploads\/2026\/02\/IMG_20250411_164835.jpg?zoom=3&amp;resize=150%2C150&amp;ssl=1 450w\" sizes=\"auto, (max-width: 150px) 100vw, 150px\" \/><\/td>\n<\/tr>\n<tr class=\"row-3\">\n\t<td class=\"column-1\">2<\/td><td class=\"column-2\"><a href=\"https:\/\/www.movieartwork.org\/?p=11873\">Tres-Leches<\/a><\/td><td class=\"column-3\">Sala im Bunker<\/td><td class=\"column-4\">Hamburg<\/td><td class=\"column-5\">Deutschland<\/td><td class=\"column-6\">2026<\/td><td class=\"column-7\"><img data-recalc-dims=\"1\" loading=\"lazy\" decoding=\"async\" data-attachment-id=\"11877\" data-permalink=\"https:\/\/www.movieartwork.org\/?attachment_id=11877\" data-orig-file=\"https:\/\/i0.wp.com\/www.movieartwork.org\/wp-content\/uploads\/2026\/02\/IMG_20260131_211543.jpg?fit=1832%2C1832&amp;ssl=1\" data-orig-size=\"1832,1832\" data-comments-opened=\"0\" data-image-meta=\"{&quot;aperture&quot;:&quot;1.7&quot;,&quot;credit&quot;:&quot;&quot;,&quot;camera&quot;:&quot;Xiaomi 14T&quot;,&quot;caption&quot;:&quot;&quot;,&quot;created_timestamp&quot;:&quot;1769890543&quot;,&quot;copyright&quot;:&quot;&quot;,&quot;focal_length&quot;:&quot;5.35&quot;,&quot;iso&quot;:&quot;640&quot;,&quot;shutter_speed&quot;:&quot;0.030000648&quot;,&quot;title&quot;:&quot;&quot;,&quot;orientation&quot;:&quot;1&quot;}\" data-image-title=\"IMG_20260131_211543\" data-image-description=\"\" data-image-caption=\"\" data-large-file=\"https:\/\/i0.wp.com\/www.movieartwork.org\/wp-content\/uploads\/2026\/02\/IMG_20260131_211543.jpg?fit=640%2C640&amp;ssl=1\" src=\"https:\/\/i0.wp.com\/www.movieartwork.org\/wp-content\/uploads\/2026\/02\/IMG_20260131_211543.jpg?resize=150%2C150&#038;ssl=1\" alt=\"\" width=\"150\" height=\"150\" class=\"alignnone size-thumbnail wp-image-11877\" srcset=\"https:\/\/i0.wp.com\/www.movieartwork.org\/wp-content\/uploads\/2026\/02\/IMG_20260131_211543.jpg?resize=150%2C150&amp;ssl=1 150w, https:\/\/i0.wp.com\/www.movieartwork.org\/wp-content\/uploads\/2026\/02\/IMG_20260131_211543.jpg?resize=480%2C480&amp;ssl=1 480w, https:\/\/i0.wp.com\/www.movieartwork.org\/wp-content\/uploads\/2026\/02\/IMG_20260131_211543.jpg?resize=1024%2C1024&amp;ssl=1 1024w, https:\/\/i0.wp.com\/www.movieartwork.org\/wp-content\/uploads\/2026\/02\/IMG_20260131_211543.jpg?resize=768%2C768&amp;ssl=1 768w, https:\/\/i0.wp.com\/www.movieartwork.org\/wp-content\/uploads\/2026\/02\/IMG_20260131_211543.jpg?resize=1536%2C1536&amp;ssl=1 1536w, https:\/\/i0.wp.com\/www.movieartwork.org\/wp-content\/uploads\/2026\/02\/IMG_20260131_211543.jpg?w=1832&amp;ssl=1 1832w, https:\/\/i0.wp.com\/www.movieartwork.org\/wp-content\/uploads\/2026\/02\/IMG_20260131_211543.jpg?w=1280&amp;ssl=1 1280w\" sizes=\"auto, (max-width: 150px) 100vw, 150px\" \/><\/td>\n<\/tr>\n<tr class=\"row-4\">\n\t<td class=\"column-1\"><\/td><td class=\"column-2\"><\/td><td class=\"column-3\"><\/td><td class=\"column-4\"><\/td><td class=\"column-5\"><\/td><td class=\"column-6\"><\/td><td class=\"column-7\"><\/td>\n<\/tr>\n<tr class=\"row-5\">\n\t<td class=\"column-1\"><\/td><td class=\"column-2\"><\/td><td class=\"column-3\"><\/td><td class=\"column-4\"><\/td><td class=\"column-5\"><\/td><td class=\"column-6\"><\/td><td class=\"column-7\"><\/td>\n<\/tr>\n<tr class=\"row-6\">\n\t<td class=\"column-1\"><\/td><td class=\"column-2\"><\/td><td class=\"column-3\"><\/td><td class=\"column-4\"><\/td><td class=\"column-5\"><\/td><td class=\"column-6\"><\/td><td class=\"column-7\"><\/td>\n<\/tr>\n<\/tbody>\n<\/table>\n<div class=\"remoji_bar\"><div class=\"remoji_add_container\" data-remoji-id=\"10051\" data-remoji-type=\"post\"><div class=\"remoji_add_icon\"><\/div><\/div><div class=\"remoji_error_bar\" data-remoji-id=\"10051\" data-remoji-type=\"post\" style=\"display: none;\">Error happened.<\/div><\/div>","protected":false},"excerpt":{"rendered":"<p>Error happened.<\/p>\n","protected":false},"author":1,"featured_media":11803,"parent":0,"menu_order":1,"comment_status":"closed","ping_status":"closed","template":"","meta":{"episode_type":"","audio_file":"","podmotor_file_id":"","podmotor_episode_id":"","cover_image":"","cover_image_id":"","duration":"","filesize":"","filesize_raw":"","date_recorded":"","explicit":"","block":"","ngg_post_thumbnail":0,"jetpack_post_was_ever_published":false,"footnotes":""},"class_list":["post-10051","page","type-page","status-publish","has-post-thumbnail","hentry"],"jetpack_sharing_enabled":true,"jetpack_shortlink":"https:\/\/wp.me\/P9zb6w-2C7","jetpack-related-posts":[{"id":3677,"url":"https:\/\/www.movieartwork.org\/?page_id=3677","url_meta":{"origin":10051,"position":0},"title":"Datenschutzerkl\u00e4rung","author":"BlogAdmin","date":"Mai 15, 2018","format":false,"excerpt":"Datenschutzerkl\u00e4rung \u00a0 Diese Datenschutzerkl\u00e4rung kl\u00e4rt Sie \u00fcber die Art, den Umfang und Zweck der Verarbeitung von personenbezogenen Daten (nachfolgend kurz \u201eDaten\u201c) innerhalb unseres Onlineangebotes und der mit ihm verbundenen Webseiten, Funktionen und Inhalte sowie externen Onlinepr\u00e4senzen, wie z.B. unser Social Media Profile auf. (nachfolgend gemeinsam bezeichnet als \u201eOnlineangebot\u201c). Im Hinblick\u2026","rel":"","context":"\u00c4hnlicher Beitrag","block_context":{"text":"\u00c4hnlicher Beitrag","link":""},"img":{"alt_text":"","src":"","width":0,"height":0},"classes":[]},{"id":814,"url":"https:\/\/www.movieartwork.org\/?page_id=814","url_meta":{"origin":10051,"position":1},"title":"Impressum","author":"BlogAdmin","date":"Oktober 13, 2014","format":false,"excerpt":"Impressum Angaben gem\u00e4\u00df \u00a7 5 TMG: Sascha Rust Elisabethstr.2 31582 Nienburg Kontakt: Telefon: +49 (0) 5021 910433 EMail: networker-service@arcor.de Haftung f\u00fcr Inhalte Als Diensteanbieter sind wir gem\u00e4\u00df \u00a7 7 Abs.1 TMG f\u00fcr eigene Inhalte auf diesen Seiten nach den allgemeinen Gesetzen verantwortlich. Nach \u00a7\u00a7 8 bis 10 TMG sind wir\u2026","rel":"","context":"\u00c4hnlicher Beitrag","block_context":{"text":"\u00c4hnlicher Beitrag","link":""},"img":{"alt_text":"","src":"","width":0,"height":0},"classes":[]},{"id":357,"url":"https:\/\/www.movieartwork.org\/?page_id=357","url_meta":{"origin":10051,"position":2},"title":"Fed Con","author":"Movie Fan","date":"Juni 19, 2014","format":false,"excerpt":"Fed Con 33 30. Mai - 1. Juni 2025, Maritim Hotel Bonn Starg\u00e4ste Dan Jeannotte | Dan Curry | Sam J. Jones | J.G. Hertzler | Bob Reilly | Jamie Bamber | Lexa Doig | Torri Higginson | Michael Shanks | Gary Jones | Jonathan Frakes | Richard Dean Anderson\u2026","rel":"","context":"\u00c4hnlicher Beitrag","block_context":{"text":"\u00c4hnlicher Beitrag","link":""},"img":{"alt_text":"","src":"","width":0,"height":0},"classes":[]}],"jetpack_likes_enabled":true,"_links":{"self":[{"href":"https:\/\/www.movieartwork.org\/index.php?rest_route=\/wp\/v2\/pages\/10051","targetHints":{"allow":["GET"]}}],"collection":[{"href":"https:\/\/www.movieartwork.org\/index.php?rest_route=\/wp\/v2\/pages"}],"about":[{"href":"https:\/\/www.movieartwork.org\/index.php?rest_route=\/wp\/v2\/types\/page"}],"author":[{"embeddable":true,"href":"https:\/\/www.movieartwork.org\/index.php?rest_route=\/wp\/v2\/users\/1"}],"replies":[{"embeddable":true,"href":"https:\/\/www.movieartwork.org\/index.php?rest_route=%2Fwp%2Fv2%2Fcomments&post=10051"}],"version-history":[{"count":5,"href":"https:\/\/www.movieartwork.org\/index.php?rest_route=\/wp\/v2\/pages\/10051\/revisions"}],"predecessor-version":[{"id":11891,"href":"https:\/\/www.movieartwork.org\/index.php?rest_route=\/wp\/v2\/pages\/10051\/revisions\/11891"}],"wp:featuredmedia":[{"embeddable":true,"href":"https:\/\/www.movieartwork.org\/index.php?rest_route=\/wp\/v2\/media\/11803"}],"wp:attachment":[{"href":"https:\/\/www.movieartwork.org\/index.php?rest_route=%2Fwp%2Fv2%2Fmedia&parent=10051"}],"curies":[{"name":"wp","href":"https:\/\/api.w.org\/{rel}","templated":true}]}}